{"id":10,"date":"2012-07-18T21:40:30","date_gmt":"2012-07-18T19:40:30","guid":{"rendered":"http:\/\/www.ig-buergerwohl.de\/?page_id=10"},"modified":"2012-12-27T16:03:12","modified_gmt":"2012-12-27T14:03:12","slug":"ein-erster-blick-auf-dieses-blog","status":"publish","type":"page","link":"http:\/\/www.alibad.de\/","title":{"rendered":"Ein erster Blick auf dieses Blog"},"content":{"rendered":"<p>Hier kann der geneigte Leser meine Weltsicht kennen lernen. Sie mu\u00df ihm nicht gefallen, er mu\u00df sie nicht teilen und er kann sich jeder Zeit abwenden. Vielleicht wird er aber angeregt \u00fcber manches selbst mal nachzudenken.<\/p>\n","protected":false},"excerpt":{"rendered":"<p>Hier kann der geneigte Leser meine Weltsicht kennen lernen. Sie mu\u00df ihm nicht gefallen, er mu\u00df sie nicht teilen und er kann sich jeder Zeit abwenden. Vielleicht wird er aber angeregt \u00fcber manches selbst mal nachzudenken.<\/p>\n","protected":false},"author":1,"featured_media":0,"parent":0,"menu_order":0,"comment_status":"closed","ping_status":"closed","template":"sidebar-page.php","meta":[],"_links":{"self":[{"href":"http:\/\/www.alibad.de\/index.php?rest_route=\/wp\/v2\/pages\/10"}],"collection":[{"href":"http:\/\/www.alibad.de\/index.php?rest_route=\/wp\/v2\/pages"}],"about":[{"href":"http:\/\/www.alibad.de\/index.php?rest_route=\/wp\/v2\/types\/page"}],"author":[{"embeddable":true,"href":"http:\/\/www.alibad.de\/index.php?rest_route=\/wp\/v2\/users\/1"}],"replies":[{"embeddable":true,"href":"http:\/\/www.alibad.de\/index.php?rest_route=%2Fwp%2Fv2%2Fcomments&post=10"}],"version-history":[{"count":7,"href":"http:\/\/www.alibad.de\/index.php?rest_route=\/wp\/v2\/pages\/10\/revisions"}],"predecessor-version":[{"id":30,"href":"http:\/\/www.alibad.de\/index.php?rest_route=\/wp\/v2\/pages\/10\/revisions\/30"}],"wp:attachment":[{"href":"http:\/\/www.alibad.de\/index.php?rest_route=%2Fwp%2Fv2%2Fmedia&parent=10"}],"curies":[{"name":"wp","href":"https:\/\/api.w.org\/{rel}","templated":true}]}}